{"id":155,"date":"2015-03-03T21:55:56","date_gmt":"2015-03-03T19:55:56","guid":{"rendered":"http:\/\/localhost:8888\/venussplash\/?page_id=155"},"modified":"2015-11-18T18:41:12","modified_gmt":"2015-11-18T16:41:12","slug":"legal-notice","status":"publish","type":"page","link":"https:\/\/www.venussplash.com\/en\/legal-notice\/","title":{"rendered":"Legal Notice"},"content":{"rendered":"<p>English Text missing&#8230;<\/p>\n<p>F\u00fcr weiblichejuwele.com hat die Wahrung Ihrer Privatsph\u00e4re absolute Priorit\u00e4t. Es ist unser st\u00e4ndiges Bestreben, Ihnen ein H\u00f6chstmass an Vertraulichkeit und Sicherheit garantieren zu k\u00f6nnen.<\/p>\n<p><strong>Verwendung Ihrer pers\u00f6nlichen Daten<\/strong><br \/>\nWir verwenden die von ihnen angegebenen pers\u00f6nlichen Daten (wie zum Beispiel Name, Anschrift, Zahlungsdaten) ausschliesslich im Rahmen der Kundenbeziehung und im Rahmen unserer Firmengruppe. Wenn Sie beispielsweise unseren Newsletter abonniert haben, so verwenden wir Ihre E-Mail-Adresse, um Ihnen aktuelle Informationen per E-Mail zu senden. Es werden keinerlei pers\u00f6nliche Daten (z.B. E-Mail-Adresse, Name, Profile, etc.) an Dritte weitergegeben, soweit es nicht in direktem oder indirektem Zusammenhang mit der Produktion, Lieferung oder Bezahlung der Ware notwendig ist. Sofern Sie zugestimmt haben, werden wir im Rahmen unserer Firmengruppe Ihre Daten verwenden, um Sie zuk\u00fcnftig \u00fcber neue Produkte und sonstige Neuheiten zu informieren. Sie k\u00f6nnen Ihre Einwilligung jederzeit widerrufen.<\/p>\n<p><strong>Speicherung dieser Kundeninformation<\/strong><br \/>\nNach Abschluss der Bestellung k\u00f6nnen Ihre Kundeninformationen dauerhaft gespeichert werden. Dies gilt nur f\u00fcr ihre Adresse und ihre Bestellung, nicht f\u00fcr Kreditkartenangaben, die sie bei Saferpay oder Paypal benutzen. <\/p>\n<p><strong>Passw\u00f6rter<\/strong><br \/>\nUm im Online-Shop einkaufen und\/oder eines der Infosysteme nutzen zu k\u00f6nnen, werden Sie aufgefordert, ein Passwort einzugeben. Bitte beachten Sie, dass es Ihre Pflicht ist, daf\u00fcr Sorge zu tragen, dass dieses Passwort vor dem Zugriff unbefugter Personen gesch\u00fctzt ist.<\/p>","protected":false},"excerpt":{"rendered":"<p>English Text missing&#8230;<\/p>\n<p>F\u00fcr weiblichejuwele.com hat die Wahrung Ihrer Privatsph\u00e4re absolute Priorit\u00e4t. Es ist unser st\u00e4ndiges Bestreben, Ihnen ein H\u00f6chstmass an Vertraulichkeit und Sicherheit garantieren zu k\u00f6nnen.<\/p>\n<p><strong>Verwendung Ihrer pers\u00f6nlichen Daten<\/strong><br \/>\nWir verwenden die von ihnen angegebenen pers\u00f6nlichen Daten (wie zum Beispiel Name,<\/p>\n","protected":false},"author":2,"featured_media":0,"parent":0,"menu_order":0,"comment_status":"open","ping_status":"open","template":"","meta":{"_acf_changed":false,"footnotes":""},"class_list":["post-155","page","type-page","status-publish","hentry"],"acf":[],"rttpg_featured_image_url":null,"rttpg_author":{"display_name":"Maitreyi Piontek","author_link":"https:\/\/www.venussplash.com\/en\/author\/maitreyip\/"},"rttpg_comment":0,"rttpg_category":false,"rttpg_excerpt":"English Text missing&#8230; F\u00fcr weiblichejuwele.com hat die Wahrung Ihrer Privatsph\u00e4re absolute Priorit\u00e4t. Es ist unser st\u00e4ndiges Bestreben, Ihnen ein H\u00f6chstmass an Vertraulichkeit und Sicherheit garantieren zu k\u00f6nnen. Verwendung Ihrer pers\u00f6nlichen Daten Wir verwenden die von ihnen angegebenen pers\u00f6nlichen Daten (wie zum Beispiel Name,","_links":{"self":[{"href":"https:\/\/www.venussplash.com\/en\/wp-json\/wp\/v2\/pages\/155","targetHints":{"allow":["GET"]}}],"collection":[{"href":"https:\/\/www.venussplash.com\/en\/wp-json\/wp\/v2\/pages"}],"about":[{"href":"https:\/\/www.venussplash.com\/en\/wp-json\/wp\/v2\/types\/page"}],"author":[{"embeddable":true,"href":"https:\/\/www.venussplash.com\/en\/wp-json\/wp\/v2\/users\/2"}],"replies":[{"embeddable":true,"href":"https:\/\/www.venussplash.com\/en\/wp-json\/wp\/v2\/comments?post=155"}],"version-history":[{"count":0,"href":"https:\/\/www.venussplash.com\/en\/wp-json\/wp\/v2\/pages\/155\/revisions"}],"wp:attachment":[{"href":"https:\/\/www.venussplash.com\/en\/wp-json\/wp\/v2\/media?parent=155"}],"curies":[{"name":"wp","href":"https:\/\/api.w.org\/{rel}","templated":true}]}}